{"id":95,"date":"2022-03-10T12:29:58","date_gmt":"2022-03-10T15:29:58","guid":{"rendered":"https:\/\/triompher.ancorathemes.com\/?page_id=95"},"modified":"2025-10-29T09:29:49","modified_gmt":"2025-10-29T12:29:49","slug":"el-club","status":"publish","type":"page","link":"https:\/\/www.bagolf.com.ar\/web\/el-club\/","title":{"rendered":"Buenos Aires Golf"},"content":{"rendered":"<p>[vc_row equal_height=\u00bbyes\u00bb content_placement=\u00bbmiddle\u00bb][vc_column width=\u00bb1\/2&#8243;][vc_single_image image=\u00bb940&#8243; img_size=\u00bbfull\u00bb][\/vc_column][vc_column width=\u00bb1\/2&#8243; css=\u00bb.vc_custom_1494428422295{padding-left: 15px !important;}\u00bb][vc_empty_space alter_height=\u00bbsmall\u00bb hide_on_mobile=\u00bb\u00bb css=\u00bb.vc_custom_1493811485700{margin-bottom: 0px !important;}\u00bb]<div id=\"sc_title_1584932143\"\n\t\tclass=\"sc_title color_style_dark sc_title_default\"><h2 class=\"sc_item_title sc_title_title sc_align_left sc_item_title_style_default sc_item_title_tag\">Bienvenidos <br> Bs As Golf Club<\/h2><div class=\"sc_item_descr sc_title_descr sc_align_left\"><p>La idea respondi\u00f3 a la necesidad de un grupo de amantes del golf que se preguntaron por qu\u00e9 no pod\u00edan disfrutar en la Argentina de canchas de primer nivel. Ese fue el germen de un ambicioso proyecto: el Buenos Aires Golf Club. Y fue el germen de un gran espaldarazo al golf argentino, porque en el a\u00f1o 2.000 el club fue sede de la Copa del Mundo, con la excluyente presencia de Tiger Woods.<\/p>\n<p>El dise\u00f1o de las canchas estuvo a cargo del arquitecto estadounidense Van Hagge, quien ya ha dise\u00f1ado con su firma Von Hagge, Smelek & Baril Corporation m\u00e1s de 240 canchas en todo el mundo.<\/p>\n<p>Las obras se iniciaron en el a\u00f1o 1991. En el a\u00f1o 1994 se celebraron en el club dos torneos de importancia: el Abierto de la Rep\u00fablica Argentina y la Copa Los Andes. Adem\u00e1s, el Campeonato Nacional por Golpes (1996), Campeonato Nacional de Interclubes (1997), Campeonato Nacional Fourball y Campeonato Nacional por Golpes (1998), Tour Argentino de Profesionales (1999) y la Copa del Mundo (2000).<\/p>\n<p>En su corta trayectoria el Buenos Aires Golf Club ha apoyado al golf argentino y ha cosechado importantes logros.<\/p>\n<p>Ya est\u00e1 considerada por el Golf Digest como una de las mejores 100 canchas del mundo fuera de Estados Unidos, segunda en Am\u00e9rica Latina y primera en la Argentina, seg\u00fan dicho ranking.<\/p>\n<\/div><\/div><!-- \/.sc_title -->[\/vc_column][vc_column][vc_empty_space height=\u00bb4px\u00bb alter_height=\u00bbhuge\u00bb hide_on_mobile=\u00bb1&#8243; css=\u00bb.vc_custom_1647532394559{margin-bottom: 8rem !important;}\u00bb][\/vc_column][\/vc_row][vc_row full_width=\u00bbstretch_row\u00bb css=\u00bb.vc_custom_1492707768905{background-color: #f8f4ea !important;}\u00bb][vc_column css=\u00bb.vc_custom_1493813390333{margin-top: -10.5rem !important;}\u00bb]<div id=\"sc_services_588038252\" class=\"sc_services color_style_default sc_services_light sc_services_featured_top\"><div class=\"sc_services_columns sc_item_columns sc_item_columns_4 trx_addons_columns_wrap columns_padding_bottom\"><div class=\"trx_addons_column-1_4\"><div class=\"sc_services_item without_content with_image sc_services_item_featured_top\">\n\t<div class=\"sc_services_item_info\">\n\t\t<div class=\"sc_services_item_header\">\n\t\t\t\t\t\t<h6 class=\"sc_services_item_title\"><a href=\"https:\/\/www.bagolf.com.ar\/web\/services\/torneos-corporativos\/\">Torneos Corporativos<\/a><\/h6>\n\t\t<div class=\"sc_services_item_subtitle\"><a href=\"https:\/\/www.bagolf.com.ar\/web\/services_group\/amenities\/\" title=\"View all posts in Amenities\">Amenities<\/a><\/div>\t<\/div>\n\t<\/div>\n\t<div class=\"post_featured with_thumb hover_dots sc_services_item_thumb\"><img loading=\"lazy\" decoding=\"async\" width=\"540\" height=\"542\" src=\"https:\/\/www.bagolf.com.ar\/web\/wp-content\/uploads\/2022\/03\/torneosCorporativos-final-ok-540x542.jpg\" class=\"attachment-triompher-thumb-service size-triompher-thumb-service wp-post-image\" alt=\"Torneos Corporativos\" srcset=\"https:\/\/www.bagolf.com.ar\/web\/wp-content\/uploads\/2022\/03\/torneosCorporativos-final-ok-540x542.jpg 540w, https:\/\/www.bagolf.com.ar\/web\/wp-content\/uploads\/2022\/03\/torneosCorporativos-final-ok-300x300.jpg 300w, https:\/\/www.bagolf.com.ar\/web\/wp-content\/uploads\/2022\/03\/torneosCorporativos-final-ok-150x150.jpg 150w, https:\/\/www.bagolf.com.ar\/web\/wp-content\/uploads\/2022\/03\/torneosCorporativos-final-ok-370x370.jpg 370w, https:\/\/www.bagolf.com.ar\/web\/wp-content\/uploads\/2022\/03\/torneosCorporativos-final-ok-90x90.jpg 90w\" sizes=\"auto, (max-width: 540px) 100vw, 540px\" \/><div class=\"mask\"><\/div><a href=\"https:\/\/www.bagolf.com.ar\/web\/services\/torneos-corporativos\/\" aria-hidden=\"true\" class=\"icons\"><span><\/span><span><\/span><span><\/span><\/a><\/div>\t\n\n<\/div>\n<\/div><div class=\"trx_addons_column-1_4\"><div class=\"sc_services_item without_content with_image sc_services_item_featured_top\">\n\t<div class=\"sc_services_item_info\">\n\t\t<div class=\"sc_services_item_header\">\n\t\t\t\t\t\t<h6 class=\"sc_services_item_title\"><a href=\"https:\/\/www.bagolf.com.ar\/web\/services\/torneos-privados\/\">Torneos Privados<\/a><\/h6>\n\t\t<div class=\"sc_services_item_subtitle\"><a href=\"https:\/\/www.bagolf.com.ar\/web\/services_group\/amenities\/\" title=\"View all posts in Amenities\">Amenities<\/a><\/div>\t<\/div>\n\t<\/div>\n\t<div class=\"post_featured with_thumb hover_dots sc_services_item_thumb\"><img loading=\"lazy\" decoding=\"async\" width=\"540\" height=\"542\" src=\"https:\/\/www.bagolf.com.ar\/web\/wp-content\/uploads\/2022\/03\/torneosPrivados-opt-540x542.jpg\" class=\"attachment-triompher-thumb-service size-triompher-thumb-service wp-post-image\" alt=\"Torneos Privados\" srcset=\"https:\/\/www.bagolf.com.ar\/web\/wp-content\/uploads\/2022\/03\/torneosPrivados-opt-540x542.jpg 540w, https:\/\/www.bagolf.com.ar\/web\/wp-content\/uploads\/2022\/03\/torneosPrivados-opt-300x300.jpg 300w, https:\/\/www.bagolf.com.ar\/web\/wp-content\/uploads\/2022\/03\/torneosPrivados-opt-150x150.jpg 150w, https:\/\/www.bagolf.com.ar\/web\/wp-content\/uploads\/2022\/03\/torneosPrivados-opt-370x370.jpg 370w, https:\/\/www.bagolf.com.ar\/web\/wp-content\/uploads\/2022\/03\/torneosPrivados-opt-90x90.jpg 90w\" sizes=\"auto, (max-width: 540px) 100vw, 540px\" \/><div class=\"mask\"><\/div><a href=\"https:\/\/www.bagolf.com.ar\/web\/services\/torneos-privados\/\" aria-hidden=\"true\" class=\"icons\"><span><\/span><span><\/span><span><\/span><\/a><\/div>\t\n\n<\/div>\n<\/div><div class=\"trx_addons_column-1_4\"><div class=\"sc_services_item without_content with_image sc_services_item_featured_top\">\n\t<div class=\"sc_services_item_info\">\n\t\t<div class=\"sc_services_item_header\">\n\t\t\t\t\t\t<h6 class=\"sc_services_item_title\"><a href=\"https:\/\/www.bagolf.com.ar\/web\/services\/eventos-corporativos\/\">Eventos Corporativos<\/a><\/h6>\n\t\t<div class=\"sc_services_item_subtitle\"><a href=\"https:\/\/www.bagolf.com.ar\/web\/services_group\/amenities\/\" title=\"View all posts in Amenities\">Amenities<\/a><\/div>\t<\/div>\n\t<\/div>\n\t<div class=\"post_featured with_thumb hover_dots sc_services_item_thumb\"><img loading=\"lazy\" decoding=\"async\" width=\"540\" height=\"542\" src=\"https:\/\/www.bagolf.com.ar\/web\/wp-content\/uploads\/2022\/03\/eventosCorporativos-opt-540x542.jpg\" class=\"attachment-triompher-thumb-service size-triompher-thumb-service wp-post-image\" alt=\"Eventos Corporativos\" srcset=\"https:\/\/www.bagolf.com.ar\/web\/wp-content\/uploads\/2022\/03\/eventosCorporativos-opt-540x542.jpg 540w, https:\/\/www.bagolf.com.ar\/web\/wp-content\/uploads\/2022\/03\/eventosCorporativos-opt-300x300.jpg 300w, https:\/\/www.bagolf.com.ar\/web\/wp-content\/uploads\/2022\/03\/eventosCorporativos-opt-150x150.jpg 150w, https:\/\/www.bagolf.com.ar\/web\/wp-content\/uploads\/2022\/03\/eventosCorporativos-opt-370x370.jpg 370w, https:\/\/www.bagolf.com.ar\/web\/wp-content\/uploads\/2022\/03\/eventosCorporativos-opt-90x90.jpg 90w\" sizes=\"auto, (max-width: 540px) 100vw, 540px\" \/><div class=\"mask\"><\/div><a href=\"https:\/\/www.bagolf.com.ar\/web\/services\/eventos-corporativos\/\" aria-hidden=\"true\" class=\"icons\"><span><\/span><span><\/span><span><\/span><\/a><\/div>\t\n\n<\/div>\n<\/div><div class=\"trx_addons_column-1_4\"><div class=\"sc_services_item without_content with_image sc_services_item_featured_top\">\n\t<div class=\"sc_services_item_info\">\n\t\t<div class=\"sc_services_item_header\">\n\t\t\t\t\t\t<h6 class=\"sc_services_item_title\"><a href=\"https:\/\/www.bagolf.com.ar\/web\/services\/proshop\/\">Proshop<\/a><\/h6>\n\t\t<div class=\"sc_services_item_subtitle\"><a href=\"https:\/\/www.bagolf.com.ar\/web\/services_group\/amenities\/\" title=\"View all posts in Amenities\">Amenities<\/a><\/div>\t<\/div>\n\t<\/div>\n\t<div class=\"post_featured with_thumb hover_dots sc_services_item_thumb\"><img loading=\"lazy\" decoding=\"async\" width=\"540\" height=\"542\" src=\"https:\/\/www.bagolf.com.ar\/web\/wp-content\/uploads\/2017\/04\/workshop-opt-540x542.jpg\" class=\"attachment-triompher-thumb-service size-triompher-thumb-service wp-post-image\" alt=\"Proshop\" srcset=\"https:\/\/www.bagolf.com.ar\/web\/wp-content\/uploads\/2017\/04\/workshop-opt-540x542.jpg 540w, https:\/\/www.bagolf.com.ar\/web\/wp-content\/uploads\/2017\/04\/workshop-opt-300x300.jpg 300w, https:\/\/www.bagolf.com.ar\/web\/wp-content\/uploads\/2017\/04\/workshop-opt-150x150.jpg 150w, https:\/\/www.bagolf.com.ar\/web\/wp-content\/uploads\/2017\/04\/workshop-opt-370x370.jpg 370w, https:\/\/www.bagolf.com.ar\/web\/wp-content\/uploads\/2017\/04\/workshop-opt-90x90.jpg 90w\" sizes=\"auto, (max-width: 540px) 100vw, 540px\" \/><div class=\"mask\"><\/div><a href=\"https:\/\/www.bagolf.com.ar\/web\/services\/proshop\/\" aria-hidden=\"true\" class=\"icons\"><span><\/span><span><\/span><span><\/span><\/a><\/div>\t\n\n<\/div>\n<\/div><\/div><\/div><!-- \/.sc_services -->[vc_empty_space alter_height=\u00bbsmall\u00bb hide_on_mobile=\u00bb\u00bb css=\u00bb.vc_custom_1493813622655{margin-bottom: -0.9rem !important;}\u00bb]<div class=\"sc_item_button sc_button_wrap sc_align_center\"><a href=\"\/web\/golf\/#tee \"   id=\"sc_button_1579159222\" class=\"sc_button color_style_link2 sc_button_default sc_button_size_normal sc_button_icon_left\"><span class=\"sc_button_text\"><span class=\"sc_button_title\">Tee Time<\/span><\/span><!-- \/.sc_button_text --><\/a><!-- \/.sc_button --><\/div><!-- \/.sc_item_button -->[vc_empty_space height=\u00bb1px\u00bb alter_height=\u00bblarge\u00bb hide_on_mobile=\u00bb\u00bb css=\u00bb.vc_custom_1647529927300{margin-bottom: 0.8rem !important;}\u00bb][\/vc_column][\/vc_row][vc_row][vc_column][vc_empty_space height=\u00bb16px\u00bb alter_height=\u00bblarge\u00bb hide_on_mobile=\u00bb\u00bb css=\u00bb.vc_custom_1647529872741{margin-bottom: 0.8rem !important;}\u00bb]<div class=\"sc_team color_style_default sc_team_featured\"><h2 class=\"sc_item_title sc_team_title sc_align_center sc_item_title_style_default sc_item_title_tag\">Nuestros Profesionales<\/h2><div class=\"sc_team_columns sc_item_columns trx_addons_columns_wrap columns_padding_bottom\"><div class=\"trx_addons_column-1_3\"><div class=\"sc_team_item\">\n\t<div class=\"post_featured sc_team_item_thumb trx_addons_hover trx_addons_hover_style_info\">\n\t\t\t\t\t\t\t\t\t\t<a href=\"https:\/\/www.bagolf.com.ar\/web\/team\/ricardo-marzoratti\/\" aria-hidden=\"true\"><img loading=\"lazy\" decoding=\"async\" width=\"530\" height=\"413\" src=\"https:\/\/www.bagolf.com.ar\/web\/wp-content\/uploads\/2022\/03\/profes02-Alejandro-opt.jpg\" class=\"attachment-triompher-thumb-team size-triompher-thumb-team wp-post-image\" alt=\"Ricardo Marzoratti\" srcset=\"https:\/\/www.bagolf.com.ar\/web\/wp-content\/uploads\/2022\/03\/profes02-Alejandro-opt.jpg 530w, https:\/\/www.bagolf.com.ar\/web\/wp-content\/uploads\/2022\/03\/profes02-Alejandro-opt-300x234.jpg 300w, https:\/\/www.bagolf.com.ar\/web\/wp-content\/uploads\/2022\/03\/profes02-Alejandro-opt-370x288.jpg 370w\" sizes=\"auto, (max-width: 530px) 100vw, 530px\" \/><\/a>\n\t\t\t\t\t<div class=\"trx_addons_hover_content\"><h4 class=\"sc_team_item_title trx_addons_hover_title\"><a href=\"https:\/\/www.bagolf.com.ar\/web\/team\/ricardo-marzoratti\/\">Ricardo Marzoratti<\/a><\/h4><div class=\"sc_team_item_subtitle trx_addons_hover_title\"><a href=\"https:\/\/www.bagolf.com.ar\/web\/team\/ricardo-marzoratti\/\">Profesor de Golf<\/a><\/div><div class=\"sc_team_item_content trx_addons_hover_text\"><a href=\"https:\/\/www.bagolf.com.ar\/web\/team\/ricardo-marzoratti\/\"><\/a><\/div><div class=\"sc_team_item_socials socials_wrap trx_addons_hover_info\"><\/div><\/div><div class=\"trx_addons_hover_mask\"><\/div><\/div><\/div>\n<\/div><div class=\"trx_addons_column-1_3\"><div class=\"sc_team_item\">\n\t<div class=\"post_featured sc_team_item_thumb trx_addons_hover trx_addons_hover_style_info\">\n\t\t\t\t\t\t\t\t\t\t<a href=\"https:\/\/www.bagolf.com.ar\/web\/team\/santiago-vernengo\/\" aria-hidden=\"true\"><img loading=\"lazy\" decoding=\"async\" width=\"530\" height=\"413\" src=\"https:\/\/www.bagolf.com.ar\/web\/wp-content\/uploads\/2022\/03\/profes01-Santiago-opt.jpg\" class=\"attachment-triompher-thumb-team size-triompher-thumb-team wp-post-image\" alt=\"Santiago Vernengo\" srcset=\"https:\/\/www.bagolf.com.ar\/web\/wp-content\/uploads\/2022\/03\/profes01-Santiago-opt.jpg 530w, https:\/\/www.bagolf.com.ar\/web\/wp-content\/uploads\/2022\/03\/profes01-Santiago-opt-300x234.jpg 300w, https:\/\/www.bagolf.com.ar\/web\/wp-content\/uploads\/2022\/03\/profes01-Santiago-opt-370x288.jpg 370w\" sizes=\"auto, (max-width: 530px) 100vw, 530px\" \/><\/a>\n\t\t\t\t\t<div class=\"trx_addons_hover_content\"><h4 class=\"sc_team_item_title trx_addons_hover_title\"><a href=\"https:\/\/www.bagolf.com.ar\/web\/team\/santiago-vernengo\/\">Santiago Vernengo<\/a><\/h4><div class=\"sc_team_item_subtitle trx_addons_hover_title\"><a href=\"https:\/\/www.bagolf.com.ar\/web\/team\/santiago-vernengo\/\">Profesor de Golf<\/a><\/div><div class=\"sc_team_item_content trx_addons_hover_text\"><a href=\"https:\/\/www.bagolf.com.ar\/web\/team\/santiago-vernengo\/\"><\/a><\/div><div class=\"sc_team_item_socials socials_wrap trx_addons_hover_info\"><\/div><\/div><div class=\"trx_addons_hover_mask\"><\/div><\/div><\/div>\n<\/div><div class=\"trx_addons_column-1_3\"><div class=\"sc_team_item\">\n\t<div class=\"post_featured sc_team_item_thumb trx_addons_hover trx_addons_hover_style_info\">\n\t\t\t\t\t\t\t\t\t\t<a href=\"https:\/\/www.bagolf.com.ar\/web\/team\/alejandro-cura\/\" aria-hidden=\"true\"><img loading=\"lazy\" decoding=\"async\" width=\"530\" height=\"413\" src=\"https:\/\/www.bagolf.com.ar\/web\/wp-content\/uploads\/2022\/03\/profes03-Ricardo-opt.jpg\" class=\"attachment-triompher-thumb-team size-triompher-thumb-team wp-post-image\" alt=\"Alejandro Cur\u00e1\" srcset=\"https:\/\/www.bagolf.com.ar\/web\/wp-content\/uploads\/2022\/03\/profes03-Ricardo-opt.jpg 530w, https:\/\/www.bagolf.com.ar\/web\/wp-content\/uploads\/2022\/03\/profes03-Ricardo-opt-300x234.jpg 300w, https:\/\/www.bagolf.com.ar\/web\/wp-content\/uploads\/2022\/03\/profes03-Ricardo-opt-370x288.jpg 370w\" sizes=\"auto, (max-width: 530px) 100vw, 530px\" \/><\/a>\n\t\t\t\t\t<div class=\"trx_addons_hover_content\"><h4 class=\"sc_team_item_title trx_addons_hover_title\"><a href=\"https:\/\/www.bagolf.com.ar\/web\/team\/alejandro-cura\/\">Alejandro Cur\u00e1<\/a><\/h4><div class=\"sc_team_item_subtitle trx_addons_hover_title\"><a href=\"https:\/\/www.bagolf.com.ar\/web\/team\/alejandro-cura\/\">Profesor de Golf<\/a><\/div><div class=\"sc_team_item_content trx_addons_hover_text\"><a href=\"https:\/\/www.bagolf.com.ar\/web\/team\/alejandro-cura\/\"><\/a><\/div><div class=\"sc_team_item_socials socials_wrap trx_addons_hover_info\"><\/div><\/div><div class=\"trx_addons_hover_mask\"><\/div><\/div><\/div>\n<\/div><\/div><\/div><!-- \/.sc_team -->[vc_empty_space hide_on_mobile=\u00bb\u00bb css=\u00bb.vc_custom_1493819318169{margin-bottom: -3.3rem !important;}\u00bb][\/vc_column][\/vc_row]<\/p>\n","protected":false},"excerpt":{"rendered":"<p>[vc_row equal_height=\u00bbyes\u00bb content_placement=\u00bbmiddle\u00bb][vc_column width=\u00bb1\/2&#8243;][vc_single_image image=\u00bb940&#8243; img_size=\u00bbfull\u00bb][\/vc_column][vc_column width=\u00bb1\/2&#8243; css=\u00bb.vc_custom_1494428422295{padding-left: 15px !important;}\u00bb][vc_empty_space alter_height=\u00bbsmall\u00bb hide_on_mobile=\u00bb\u00bb css=\u00bb.vc_custom_1493811485700{margin-bottom: 0px !important;}\u00bb][\/vc_column][vc_column][vc_empty_space height=\u00bb4px\u00bb alter_height=\u00bbhuge\u00bb hide_on_mobile=\u00bb1&#8243; css=\u00bb.vc_custom_1647532394559{margin-bottom: 8rem !important;}\u00bb][\/vc_column][\/vc_row][vc_row full_width=\u00bbstretch_row\u00bb css=\u00bb.vc_custom_1492707768905{background-color: #f8f4ea !important;}\u00bb][vc_column css=\u00bb.vc_custom_1493813390333{margin-top: -10.5rem !important;}\u00bb][vc_empty_space alter_height=\u00bbsmall\u00bb hide_on_mobile=\u00bb\u00bb css=\u00bb.vc_custom_1493813622655{margin-bottom: -0.9rem !important;}\u00bb][vc_empty_space height=\u00bb1px\u00bb alter_height=\u00bblarge\u00bb hide_on_mobile=\u00bb\u00bb css=\u00bb.vc_custom_1647529927300{margin-bottom: 0.8rem !important;}\u00bb][\/vc_column][\/vc_row][vc_row][vc_column][vc_empty_space height=\u00bb16px\u00bb alter_height=\u00bblarge\u00bb hide_on_mobile=\u00bb\u00bb css=\u00bb.vc_custom_1647529872741{margin-bottom: 0.8rem !important;}\u00bb][vc_empty_space hide_on_mobile=\u00bb\u00bb css=\u00bb.vc_custom_1493819318169{margin-bottom: -3.3rem !important;}\u00bb][\/vc_column][\/vc_row]<\/p>\n","protected":false},"author":1,"featured_media":0,"parent":0,"menu_order":0,"comment_status":"closed","ping_status":"closed","template":"","meta":{"footnotes":""},"class_list":["post-95","page","type-page","status-publish","hentry"],"_links":{"self":[{"href":"https:\/\/www.bagolf.com.ar\/web\/wp-json\/wp\/v2\/pages\/95","targetHints":{"allow":["GET"]}}],"collection":[{"href":"https:\/\/www.bagolf.com.ar\/web\/wp-json\/wp\/v2\/pages"}],"about":[{"href":"https:\/\/www.bagolf.com.ar\/web\/wp-json\/wp\/v2\/types\/page"}],"author":[{"embeddable":true,"href":"https:\/\/www.bagolf.com.ar\/web\/wp-json\/wp\/v2\/users\/1"}],"replies":[{"embeddable":true,"href":"https:\/\/www.bagolf.com.ar\/web\/wp-json\/wp\/v2\/comments?post=95"}],"version-history":[{"count":27,"href":"https:\/\/www.bagolf.com.ar\/web\/wp-json\/wp\/v2\/pages\/95\/revisions"}],"predecessor-version":[{"id":1209,"href":"https:\/\/www.bagolf.com.ar\/web\/wp-json\/wp\/v2\/pages\/95\/revisions\/1209"}],"wp:attachment":[{"href":"https:\/\/www.bagolf.com.ar\/web\/wp-json\/wp\/v2\/media?parent=95"}],"curies":[{"name":"wp","href":"https:\/\/api.w.org\/{rel}","templated":true}]}}