{"id":1279,"date":"2025-10-29T10:49:11","date_gmt":"2025-10-29T13:49:11","guid":{"rendered":"https:\/\/www.bagolf.com.ar\/web\/?page_id=1279"},"modified":"2026-03-31T08:50:54","modified_gmt":"2026-03-31T11:50:54","slug":"golf","status":"publish","type":"page","link":"https:\/\/www.bagolf.com.ar\/web\/golf\/","title":{"rendered":"Golf"},"content":{"rendered":"<p>[vc_row full_width=\u00bbstretch_row_content_no_spaces\u00bb el_class=\u00bbipad-row\u00bb][vc_column width=\u00bb5\/12&#8243; offset=\u00bbvc_col-lg-offset-1 vc_col-md-offset-1 vc_col-sm-offset-1&#8243; css=\u00bb.vc_custom_1493637157098{padding-left: 4.4rem !important;}\u00bb][vc_empty_space alter_height=\u00bblarge\u00bb hide_on_mobile=\u00bb\u00bb css=\u00bb.vc_custom_1493645852675{margin-bottom: 2.2rem !important;}\u00bb]<div id=\"sc_title_412813417\"\n\t\tclass=\"sc_title color_style_default sc_title_default  vc_custom_1762354215123\"><h2 class=\"sc_item_title sc_title_title sc_align_left sc_item_title_style_default sc_item_title_tag\">Reserva Tee Time<\/h2><\/div><!-- \/.sc_title -->[vc_empty_space alter_height=\u00bbmedium\u00bb hide_on_mobile=\u00bb\u00bb css=\u00bb.vc_custom_1493638163433{margin-bottom: 0.2rem !important;}\u00bb]\n<div class=\"wpcf7 no-js\" id=\"wpcf7-f502-o1\" lang=\"en-US\" dir=\"ltr\" data-wpcf7-id=\"502\">\n<div class=\"screen-reader-response\"><p role=\"status\" aria-live=\"polite\" aria-atomic=\"true\"><\/p> <ul><\/ul><\/div>\n<form action=\"\/web\/wp-json\/wp\/v2\/pages\/1279#wpcf7-f502-o1\" method=\"post\" class=\"wpcf7-form init\" aria-label=\"Contact form\" novalidate=\"novalidate\" data-status=\"init\">\n<fieldset class=\"hidden-fields-container\"><input type=\"hidden\" name=\"_wpcf7\" value=\"502\" \/><input type=\"hidden\" name=\"_wpcf7_version\" value=\"6.1.5\" \/><input type=\"hidden\" name=\"_wpcf7_locale\" value=\"en_US\" \/><input type=\"hidden\" name=\"_wpcf7_unit_tag\" value=\"wpcf7-f502-o1\" \/><input type=\"hidden\" name=\"_wpcf7_container_post\" value=\"0\" \/><input type=\"hidden\" name=\"_wpcf7_posted_data_hash\" value=\"\" \/><input type=\"hidden\" name=\"_wpcf7_recaptcha_response\" value=\"\" \/>\n<\/fieldset>\n<div class=\"vc_col-sm-6\">\n\t<p><label> Apellido y Nombre<br \/>\n<span class=\"wpcf7-form-control-wrap\" data-name=\"your-name\"><input size=\"40\" maxlength=\"400\" class=\"wpcf7-form-control wpcf7-text wpcf7-validates-as-required\" aria-required=\"true\" aria-invalid=\"false\" value=\"\" type=\"text\" name=\"your-name\" \/><\/span> <\/label>\n\t<\/p>\n<\/div>\n<div class=\"vc_col-sm-6\">\n\t<p><label> Tel\u00e9fono<br \/>\n<span class=\"wpcf7-form-control-wrap\" data-name=\"tel-363\"><input size=\"40\" maxlength=\"400\" class=\"wpcf7-form-control wpcf7-tel wpcf7-validates-as-required wpcf7-text wpcf7-validates-as-tel\" aria-required=\"true\" aria-invalid=\"false\" value=\"\" type=\"tel\" name=\"tel-363\" \/><\/span> <\/label>\n\t<\/p>\n<\/div>\n<div class=\"vc_col-sm-4\">\n\t<p><label class=\"datetime\"> Salida<br \/>\n<span class=\"wpcf7-form-control-wrap\" data-name=\"text-303\"><input size=\"40\" maxlength=\"400\" class=\"wpcf7-form-control wpcf7-text datefield\" aria-invalid=\"false\" placeholder=\"Fecha\" value=\"\" type=\"text\" name=\"text-303\" \/><\/span><\/label>\n\t<\/p>\n<\/div>\n<div class=\"vc_col-sm-2\">\n\t<p><label> Jugadores<br \/>\n<span class=\"wpcf7-form-control-wrap\" data-name=\"menu-217\"><select class=\"wpcf7-form-control wpcf7-select\" aria-invalid=\"false\" name=\"menu-217\"><option value=\"1\">1<\/option><option value=\"2\">2<\/option><option value=\"3\">3<\/option><option value=\"4\">4<\/option><\/select><\/span> <\/label>\n\t<\/p>\n<\/div>\n<div class=\"vc_col-sm-6\">\n\t<p><label> Email<br \/>\n<span class=\"wpcf7-form-control-wrap\" data-name=\"your-email\"><input size=\"40\" maxlength=\"400\" class=\"wpcf7-form-control wpcf7-email wpcf7-validates-as-required wpcf7-text wpcf7-validates-as-email\" aria-required=\"true\" aria-invalid=\"false\" value=\"\" type=\"email\" name=\"your-email\" \/><\/span> <\/label>\n\t<\/p>\n<\/div>\n<div class=\"vc_col-sm-12 text-right\">\n\t<p><input class=\"wpcf7-form-control wpcf7-submit has-spinner\" type=\"submit\" value=\"enviar\" \/>\n\t<\/p>\n<\/div><p style=\"display: none !important;\" class=\"akismet-fields-container\" data-prefix=\"_wpcf7_ak_\"><label>&#916;<textarea name=\"_wpcf7_ak_hp_textarea\" cols=\"45\" rows=\"8\" maxlength=\"100\"><\/textarea><\/label><input type=\"hidden\" id=\"ak_js_1\" name=\"_wpcf7_ak_js\" value=\"118\"\/><script>document.getElementById( \"ak_js_1\" ).setAttribute( \"value\", ( new Date() ).getTime() );<\/script><\/p><div class=\"wpcf7-response-output\" aria-hidden=\"true\"><\/div>\n<\/form>\n<\/div>\n[vc_empty_space alter_height=\u00bblarge\u00bb hide_on_mobile=\u00bb\u00bb][\/vc_column][vc_column width=\u00bb1\/2&#8243;][vc_single_image image=\u00bb1319&#8243; img_size=\u00bbfull\u00bb alignment=\u00bbright\u00bb el_id=\u00bbtee\u00bb][vc_empty_space alter_height=\u00bbsmall\u00bb hide_on_mobile=\u00bb\u00bb][\/vc_column][\/vc_row][vc_row][vc_column]<div id=\"sc_title_1245058149\"\n\t\tclass=\"sc_title color_style_default sc_title_default\"><h2 class=\"sc_item_title sc_title_title sc_align_center sc_item_title_style_default sc_item_title_tag\">Videos de las canchas<\/h2><\/div><!-- \/.sc_title -->[vc_empty_space alter_height=\u00bblarge\u00bb hide_on_mobile=\u00bb\u00bb css=\u00bb.vc_custom_1493648139102{margin-bottom: 1rem !important;}\u00bb][\/vc_column][\/vc_row][vc_row full_width=\u00bbstretch_row\u00bb css=\u00bb.vc_custom_1492717688441{background-color: #f8f4ea !important;}\u00bb][vc_column css=\u00bb.vc_custom_1493648164316{margin-top: -3.7rem !important;}\u00bb][vc_row_inner][vc_column_inner width=\u00bb1\/3&#8243;]<div id=\"widget_video_1290633113\" class=\"widget_area sc_widget_video vc_widget_video wpb_content_element\"><aside id=\"widget_video_1290633113_widget\" class=\"widget widget_video\"><h5 class=\"widget_title\">Blue<\/h5><div class=\"trx_addons_video_player with_cover hover_play\"><img loading=\"lazy\" decoding=\"async\" src=\"https:\/\/www.bagolf.com.ar\/web\/wp-content\/uploads\/2022\/03\/blue-573x417-1.jpg\" alt=\"\" width=\"573\" height=\"417\"><div class=\"video_mask\"><\/div><div class=\"video_hover\" data-video=\"&lt;iframe title=&quot;Blue Completo&quot; width=&quot;1170&quot; height=&quot;658&quot; src=&quot;https:\/\/www.youtube.com\/embed\/YcMyYo33MM8?feature=oembed&amp;autoplay=1&quot; frameborder=&quot;0&quot; allow=&quot;accelerometer; autoplay; clipboard-write; encrypted-media; gyroscope; picture-in-picture&quot; allowfullscreen&gt;&lt;\/iframe&gt;\"><\/div><div class=\"video_embed video_frame\"><\/div><\/div><\/aside><\/div>[\/vc_column_inner][vc_column_inner width=\u00bb1\/3&#8243;]<div id=\"widget_video_897581686\" class=\"widget_area sc_widget_video vc_widget_video wpb_content_element\"><aside id=\"widget_video_897581686_widget\" class=\"widget widget_video\"><h5 class=\"widget_title\">Green<\/h5><div class=\"trx_addons_video_player with_cover hover_play\"><img loading=\"lazy\" decoding=\"async\" src=\"https:\/\/www.bagolf.com.ar\/web\/wp-content\/uploads\/2022\/03\/green-573x417-1.jpg\" alt=\"\" width=\"573\" height=\"417\"><div class=\"video_mask\"><\/div><div class=\"video_hover\" data-video=\"&lt;iframe title=&quot;Green Completo&quot; width=&quot;1170&quot; height=&quot;658&quot; src=&quot;https:\/\/www.youtube.com\/embed\/EYDbejqHhW8?feature=oembed&amp;autoplay=1&quot; frameborder=&quot;0&quot; allow=&quot;accelerometer; autoplay; clipboard-write; encrypted-media; gyroscope; picture-in-picture&quot; allowfullscreen&gt;&lt;\/iframe&gt;\"><\/div><div class=\"video_embed video_frame\"><\/div><\/div><\/aside><\/div>[\/vc_column_inner][vc_column_inner width=\u00bb1\/3&#8243;]<div id=\"widget_video_1579819082\" class=\"widget_area sc_widget_video vc_widget_video wpb_content_element\"><aside id=\"widget_video_1579819082_widget\" class=\"widget widget_video\"><h5 class=\"widget_title\">Yellow<\/h5><div class=\"trx_addons_video_player with_cover hover_play\"><img loading=\"lazy\" decoding=\"async\" src=\"https:\/\/www.bagolf.com.ar\/web\/wp-content\/uploads\/2022\/03\/yellow-573x417-1.jpg\" alt=\"\" width=\"573\" height=\"417\"><div class=\"video_mask\"><\/div><div class=\"video_hover\" data-video=\"&lt;iframe title=&quot;Yellow Completo&quot; width=&quot;1170&quot; height=&quot;658&quot; src=&quot;https:\/\/www.youtube.com\/embed\/luFjtqIutwQ?feature=oembed&amp;autoplay=1&quot; frameborder=&quot;0&quot; allow=&quot;accelerometer; autoplay; clipboard-write; encrypted-media; gyroscope; picture-in-picture&quot; allowfullscreen&gt;&lt;\/iframe&gt;\"><\/div><div class=\"video_embed video_frame\"><\/div><\/div><\/aside><\/div>[\/vc_column_inner][\/vc_row_inner][vc_empty_space alter_height=\u00bbmedium\u00bb hide_on_mobile=\u00bb\u00bb css=\u00bb.vc_custom_1493648187430{margin-bottom: -0.4rem !important;}\u00bb][\/vc_column][\/vc_row][vc_row full_width=\u00bbstretch_row_content_no_spaces\u00bb el_class=\u00bbipad-row\u00bb][vc_column width=\u00bb2\/3&#8243; css=\u00bb.vc_custom_1493646804015{margin-top: -8.3rem !important;padding-right: 7.7rem !important;padding-left: 21.5rem !important;background-image: url(https:\/\/triompher.ancorathemes.com\/wp-content\/uploads\/2017\/04\/bg-13.jpg?id=371) !important;background-position: center !important;background-repeat: no-repeat !important;background-size: cover !important;}\u00bb][vc_empty_space height=\u00bb8px\u00bb alter_height=\u00bbhuge\u00bb hide_on_mobile=\u00bb\u00bb css=\u00bb.vc_custom_1761746257824{margin-bottom: -0.7rem !important;}\u00bb][vc_empty_space alter_height=\u00bblarge\u00bb hide_on_mobile=\u00bb\u00bb css=\u00bb.vc_custom_1493646604435{margin-bottom: -1.7rem !important;}\u00bb][\/vc_column][vc_column width=\u00bb1\/3&#8243;][\/vc_column][\/vc_row][vc_row][vc_column width=\u00bb1\/2&#8243;][vc_raw_html]JTNDYSUyMGhyZWYlM0QlMjIlMjMlMjIlMjBvbmNsaWNrJTNEJTIyb3BlblBsYW5vJTI4JTI5JTNCcmV0dXJuJTIwZmFsc2UlM0IlMjIlM0UlMEElMjAlMjAlM0NpbWclMjBzcmMlM0QlMjJodHRwcyUzQSUyRiUyRnd3dy5iYWdvbGYuY29tLmFyJTJGd2ViJTJGd3AtY29udGVudCUyRnVwbG9hZHMlMkYyMDI1JTJGMTElMkZwbGFub0NoaWNvMi5qcGclMjIlMEElMjAlMjAlMjAlMjAlMjAlMjAlMjBhbHQlM0QlMjJBYnJpciUyMHBsYW5vJTIyJTIwc3R5bGUlM0QlMjJ3aWR0aCUzQTUwMHB4JTNCaGVpZ2h0JTNBNTAwcHglM0JvYmplY3QtZml0JTNBY292ZXIlM0JkaXNwbGF5JTNBYmxvY2slM0JjdXJzb3IlM0Fwb2ludGVyJTIyJTNFJTBBJTNDJTJGYSUzRSUwQSUzQ3NjcmlwdCUzRSUwQWZ1bmN0aW9uJTIwb3BlblBsYW5vJTI4JTI5JTdCJTBBJTIwJTIwJTJGJTJGJTIwbm9tYnJlJTIwJTIyZ29sZlZpZXdlciUyMiUyMHBhcmElMjByZXV0aWxpemFyJTIwbGElMjBtaXNtYSUyMHBlc3RhJUMzJUIxYSUyMHNpJTIwc2UlMjB2dWVsdmUlMjBhJTIwYWJyaXIlMEElMjAlMjB3aW5kb3cub3BlbiUyOCUyN2h0dHBzJTNBJTJGJTJGd3d3LmJhZ29sZi5jb20uYXIlMkZ3ZWIlMkZ2aXNvciUyRiUyNyUyQyUyMCUyN2dvbGZWaWV3ZXIlMjclMjklM0IlMEElN0QlMEElM0MlMkZzY3JpcHQlM0UlMEE=[\/vc_raw_html][vc_raw_html]JTNDaWZyYW1lJTBBJTIwJTIwaWQlM0QlMjJjYWxjdWxvSGFuZGljYW8lMjIlMEElMjAlMjB0aXRsZSUzRCUyMkNhbGN1bG8lMjBkZSUyMGhhbmRpY2FwJTIwZGUlMjBqdWVnbyUyMiUwQSUyMCUyMHdpZHRoJTNEJTIyMzAwJTIyJTBBJTIwJTIwaGVpZ2h0JTNEJTIyNTAwJTIyJTBBJTIwJTIwc3JjJTNEJTIyaHR0cHMlM0ElMkYlMkZ3d3cuYmFnb2xmb25saW5lLmNvbSUyRmdvbGYlMkZjYWxjdWxhZG9yYWhjcGp1ZWdvLnBocCUyMiUzRSUwQSUzQyUyRmlmcmFtZSUzRQ==[\/vc_raw_html][\/vc_column][vc_column width=\u00bb1\/2&#8243;][vc_row_inner][vc_column_inner width=\u00bb1\/2&#8243;][vc_btn title=\u00bbTarjeta BAGolf\u00bb style=\u00bbclassic\u00bb align=\u00bbcenter\u00bb i_icon_fontawesome=\u00bbfas fa-golf-ball\u00bb add_icon=\u00bbtrue\u00bb link=\u00bburl:https%3A%2F%2Fwww.bagolf.com.ar%2Fweb%2Fwp-content%2Fuploads%2F2025%2F10%2FfolletoCancha.pdf|title:Descargar%20Tarjeta|target:_blank\u00bb css=\u00bb.vc_custom_1762255842154{padding-top: 10px !important;}\u00bb][\/vc_column_inner][vc_column_inner width=\u00bb1\/2&#8243;][vc_btn title=\u00bbReglamento Torneos\u00bb style=\u00bbclassic\u00bb align=\u00bbcenter\u00bb i_icon_fontawesome=\u00bbfas fa-golf-ball\u00bb add_icon=\u00bbtrue\u00bb link=\u00bburl:https%3A%2F%2Fwww.bagolf.com.ar%2Fweb%2Fwp-content%2Fuploads%2F2026%2F03%2FreglamentoTorneos.pdf|title:Descargar%20Tarjeta|target:_blank\u00bb css=\u00bb.vc_custom_1774957644822{padding-top: 10px !important;}\u00bb][\/vc_column_inner][\/vc_row_inner][vc_column_text]<\/p>\n<h4>Hoyo Insignia<\/h4>\n<p>El #8 yellow, par 4 de 343 yardas, tiene uno de los pocos \u00abgreen islas\u00bb en Argentina. En este corto par 4 Cabrera perdi\u00f3 el Abierto de 2007. Requiere mucha precision desde el tee y en el approach para domar esta peque\u00f1a y ventosa isla.[\/vc_column_text][vc_separator][vc_column_text]<\/p>\n<h4>Reglas Locales<\/h4>\n<p><strong>Terreno en Reparaci\u00f3n:<\/strong> Ser\u00e1n consideradas terreno en reparaci\u00f3n las zonas marcadas en azul, por lo tanto el jugador podr\u00e1 optar de obtener alivio de acuerdo a la regla local o regla Gral. 25-1.<\/p>\n<p><strong>Obstrucciones Inamovibles R. 24-2:<\/strong> Todos los caminos asfaltados dentro del campo de juego, las rejillas de drenaje, torres de alta tensi\u00f3n, aspersores de riego, zanjas pluviales, troncos de contenci\u00f3n, se consideran obstrucciones inamovibles, el jugador podr\u00e1 liberarse en el caso que interfieran en su stance o swing.<\/p>\n<p><strong>Cables de alta tensi\u00f3n:<\/strong> En caso de que la pelota impacte contra un cable de alta tensi\u00f3n que cruce la l\u00ednea de juego, dicho golpe ser\u00e1 anulado y deber\u00e1 repetirse el golpe. En todos los dem\u00e1s casos se juega desde donde se encuentra.<\/p>\n<p><strong>Hazard de Agua R. 26-1:<\/strong> Son las zonas marcadas con estacas y\/o l\u00edneas amarillas.<\/p>\n<p><strong>Hazard de Agua lateral R. 26-1:<\/strong> Zonas marcadas con estacas y\/o l\u00edneas rojas.<\/p>\n<p><strong>L\u00edmites de la cancha R. 27-1:<\/strong> Son las delimitadas por estacas y\/o l\u00edneas blancas y postes del alambrado perimetral de la propiedad.<\/p>\n<p><strong>Carros el\u00e9ctricos:<\/strong> El uso de un carro el\u00e9ctrico por parte del jugador implica el conocimiento, aceptaci\u00f3n y compromiso de acatamiento del reglamento correspondiente.<\/p>\n<p><strong>Marshalls:<\/strong> Son oficiales nombrados por la Comisi\u00f3n Directiva e investidos con autoridad para hacer cumplir las normas vigentes. Se solicita a los jugadores acatar sus indicaciones, de no estar de acuerdo una vez finalizada la vuelta, presentar sus comentarios u objeciones en secretar\u00eda.[\/vc_column_text][\/vc_column][\/vc_row]<\/p>\n","protected":false},"excerpt":{"rendered":"<p>[vc_row full_width=\u00bbstretch_row_content_no_spaces\u00bb el_class=\u00bbipad-row\u00bb][vc_column width=\u00bb5\/12&#8243; offset=\u00bbvc_col-lg-offset-1 vc_col-md-offset-1 vc_col-sm-offset-1&#8243; css=\u00bb.vc_custom_1493637157098{padding-left: 4.4rem !important;}\u00bb][vc_empty_space alter_height=\u00bblarge\u00bb hide_on_mobile=\u00bb\u00bb css=\u00bb.vc_custom_1493645852675{margin-bottom: 2.2rem !important;}\u00bb][vc_empty_space alter_height=\u00bbmedium\u00bb hide_on_mobile=\u00bb\u00bb css=\u00bb.vc_custom_1493638163433{margin-bottom: 0.2rem !important;}\u00bb][vc_empty_space alter_height=\u00bblarge\u00bb hide_on_mobile=\u00bb\u00bb][\/vc_column][vc_column width=\u00bb1\/2&#8243;][vc_single_image image=\u00bb1319&#8243; img_size=\u00bbfull\u00bb alignment=\u00bbright\u00bb el_id=\u00bbtee\u00bb][vc_empty_space alter_height=\u00bbsmall\u00bb hide_on_mobile=\u00bb\u00bb][\/vc_column][\/vc_row][vc_row][vc_column][vc_empty_space alter_height=\u00bblarge\u00bb hide_on_mobile=\u00bb\u00bb css=\u00bb.vc_custom_1493648139102{margin-bottom: 1rem !important;}\u00bb][\/vc_column][\/vc_row][vc_row full_width=\u00bbstretch_row\u00bb css=\u00bb.vc_custom_1492717688441{background-color: #f8f4ea !important;}\u00bb][vc_column css=\u00bb.vc_custom_1493648164316{margin-top: -3.7rem !important;}\u00bb][vc_row_inner][vc_column_inner width=\u00bb1\/3&#8243;][\/vc_column_inner][vc_column_inner width=\u00bb1\/3&#8243;][\/vc_column_inner][vc_column_inner width=\u00bb1\/3&#8243;][\/vc_column_inner][\/vc_row_inner][vc_empty_space alter_height=\u00bbmedium\u00bb hide_on_mobile=\u00bb\u00bb css=\u00bb.vc_custom_1493648187430{margin-bottom: -0.4rem !important;}\u00bb][\/vc_column][\/vc_row][vc_row full_width=\u00bbstretch_row_content_no_spaces\u00bb el_class=\u00bbipad-row\u00bb][vc_column width=\u00bb2\/3&#8243; css=\u00bb.vc_custom_1493646804015{margin-top: -8.3rem !important;padding-right: 7.7rem !important;padding-left: 21.5rem !important;background-image: url(https:\/\/triompher.ancorathemes.com\/wp-content\/uploads\/2017\/04\/bg-13.jpg?id=371)&hellip;<\/p>\n","protected":false},"author":1,"featured_media":0,"parent":0,"menu_order":0,"comment_status":"closed","ping_status":"closed","template":"","meta":{"footnotes":""},"class_list":["post-1279","page","type-page","status-publish","hentry"],"_links":{"self":[{"href":"https:\/\/www.bagolf.com.ar\/web\/wp-json\/wp\/v2\/pages\/1279","targetHints":{"allow":["GET"]}}],"collection":[{"href":"https:\/\/www.bagolf.com.ar\/web\/wp-json\/wp\/v2\/pages"}],"about":[{"href":"https:\/\/www.bagolf.com.ar\/web\/wp-json\/wp\/v2\/types\/page"}],"author":[{"embeddable":true,"href":"https:\/\/www.bagolf.com.ar\/web\/wp-json\/wp\/v2\/users\/1"}],"replies":[{"embeddable":true,"href":"https:\/\/www.bagolf.com.ar\/web\/wp-json\/wp\/v2\/comments?post=1279"}],"version-history":[{"count":69,"href":"https:\/\/www.bagolf.com.ar\/web\/wp-json\/wp\/v2\/pages\/1279\/revisions"}],"predecessor-version":[{"id":1439,"href":"https:\/\/www.bagolf.com.ar\/web\/wp-json\/wp\/v2\/pages\/1279\/revisions\/1439"}],"wp:attachment":[{"href":"https:\/\/www.bagolf.com.ar\/web\/wp-json\/wp\/v2\/media?parent=1279"}],"curies":[{"name":"wp","href":"https:\/\/api.w.org\/{rel}","templated":true}]}}